{"id":3148,"date":"2024-04-15T19:43:08","date_gmt":"2024-04-15T17:43:08","guid":{"rendered":"https:\/\/radcaen.fr\/?page_id=3148"},"modified":"2024-04-24T21:33:20","modified_gmt":"2024-04-24T19:33:20","slug":"faq","status":"publish","type":"page","link":"https:\/\/radcaen.fr\/index.php\/faq\/","title":{"rendered":"Questions fr\u00e9quentes"},"content":{"rendered":"\n<p class=\"has-text-align-center\"><em>Vous vous posez des questions sur la raison d&rsquo;\u00eatre de ce blog, sur ce qu&rsquo;est le f\u00e9minisme dit \u00ab\u00a0radical\u00a0\u00bb, si l&rsquo;autrice d\u00e9teste les hommes ? Vous \u00eates au bon endroit<\/em>.<\/p>\n\n\n\n<div style=\"height:40px\" aria-hidden=\"true\" class=\"wp-block-spacer\"><\/div>\n\n\n\n<details class=\"wp-block-details is-layout-flow wp-block-details-is-layout-flow\"><summary>Pour qui est ce blog ?<\/summary>\n<p>Ce blog est d\u00e9di\u00e9 \u00e0 toute personne, mais en priorit\u00e9 les femmes, qui se posent des questions sur le sexe, le genre, le f\u00e9minisme, l&rsquo;homosexualit\u00e9, la transidentit\u00e9. Il est destin\u00e9 \u00e0 celles qui veulent des affirmations sourc\u00e9es, de l&rsquo;esprit critique et un m\u00e9dia ind\u00e9pendant. Si vous voulez un point de vue alternatif \u00e0 ce qui est majoritairement partag\u00e9 dans les m\u00e9dias, vous \u00eates au bon endroit !<\/p>\n<\/details>\n\n\n\n<details class=\"wp-block-details is-layout-flow wp-block-details-is-layout-flow\"><summary>Pourquoi avoir d\u00e9cid\u00e9 de cr\u00e9er ce blog ?<\/summary>\n<p>J&rsquo;explique dans les d\u00e9tails mes raison sur ma page \u00ab\u00a0<a href=\"https:\/\/radcaen.fr\/index.php\/presentation\/\">pourquoi ce site ?<\/a>\u00ab\u00a0, mais la raison est globalement une frustration face \u00e0 un point de vue unique. La gauche LGBT+ partage des th\u00e9ories auxquelles tout le monde n&rsquo;adh\u00e8re pas sans qu&rsquo;il y ait forc\u00e9ment de haine derri\u00e8re. Je voulais montrer un autre point de vue et le partager en fran\u00e7ais, parce qu&rsquo;une majorit\u00e9 du contenu f\u00e9ministe radical en ligne est anglophone.<\/p>\n<\/details>\n\n\n\n<details class=\"wp-block-details is-layout-flow wp-block-details-is-layout-flow\"><summary>Quel est l&rsquo;objectif du f\u00e9minisme radical ?<\/summary>\n<p>Le f\u00e9minisme radical est un mouvement social collectif dont le but est d&rsquo;\u00e9radiquer la hi\u00e9rarchie entre les hommes et les femmes, mais aussi de cr\u00e9er une soci\u00e9t\u00e9 respectueuse des femmes. Notre objectif est l&rsquo;\u00e9limination des violences envers les femmes \u00e0 tous les niveaux, la protection des femmes et le respect de leurs droits, notamment reproductifs.<\/p>\n<\/details>\n\n\n\n<details class=\"wp-block-details is-layout-flow wp-block-details-is-layout-flow\"><summary>Quelles sont les id\u00e9es principales du f\u00e9minisme radical ?<\/summary>\n<p>Le f\u00e9minisme radical est contre l&rsquo;industrie de la prostitution, qui est de l&rsquo;abus sexuel r\u00e9mun\u00e9r\u00e9. Nous sommes contre le porno pour les m\u00eames raisons. Nous consid\u00e9rons la GPA comme de l&rsquo;exploitation reproductive et comme de la marchandisation d&rsquo;enfants. Nous luttons pour la lib\u00e9ration de toutes les femmes des violences qu&rsquo;elles subissent de la part des hommes en raison de leur sexe. Nous voulons abolir le genre, l&rsquo;industrie de la jeunesse et de la beaut\u00e9, bref nous remettons en question toutes les pratiques et institutions qui profitent des femmes, les exploitent ou les violentent.<\/p>\n<\/details>\n\n\n\n<details class=\"wp-block-details is-layout-flow wp-block-details-is-layout-flow\"><summary>Pourquoi \u00ab\u00a0radical\u00a0\u00bb, d&rsquo;ailleurs ?<\/summary>\n<p>Le mot \u00ab\u00a0radical\u00a0\u00bb n&rsquo;est pas utilis\u00e9 ici dans son sens le plus commun, mais dans le sens de sa racine lexicale. Le terme d\u00e9signe \u00e0 la base la racine, comme c&rsquo;est le cas du terme \u00ab\u00a0radical\u00a0\u00bb en vocabulaire par exemple. Il repr\u00e9sente la volont\u00e9 non pas de permettre une \u00e9galit\u00e9 des chances dans un monde injuste mais une remise en question globale du fonctionnement de la soci\u00e9t\u00e9.<\/p>\n<\/details>\n\n\n\n<details class=\"wp-block-details is-layout-flow wp-block-details-is-layout-flow\"><summary>Quelles sont les revendications du f\u00e9minisme radical ?<\/summary>\n<p>Abolition de la prostitution et de la pornographie via le Mod\u00e8le Nordique, qui p\u00e9nalise les clients\/prox\u00e9n\u00e8tes mais prot\u00e8ge les prostitu\u00e9es. P\u00e9nalisation des agresseurs et des violeurs. Reconnaissance de la plus grande charge reproductive inh\u00e9rente aux femmes. Possibilit\u00e9 d&rsquo;\u00eatre servie, soign\u00e9e et accompagn\u00e9e par des femmes pour celles qui le souhaitent. Il y a beaucoup d&rsquo;autres choses, chaque f\u00e9ministe a ses sujets de pr\u00e9dilection.<\/p>\n<\/details>\n\n\n\n<details class=\"wp-block-details is-layout-flow wp-block-details-is-layout-flow\"><summary>Quelle place pour les hommes au sein du f\u00e9minisme ?<\/summary>\n<p>Les hommes ne sont pas le sujet du f\u00e9minisme. Ils peuvent \u00eatre des alli\u00e9s en aidant les f\u00e9ministes, en changeant leur comportement et en \u00e9duquant les autres hommes. Mais ils ne peuvent pas \u00eatre au centre des questions f\u00e9ministes, sinon il ne s&rsquo;agit plus de f\u00e9minisme. Cela ne devrait pas emp\u00eacher les hommes de cr\u00e9er leurs propres mouvements contre la prostitution, les normes de genre ou le sexisme si c&rsquo;est ce qu&rsquo;ils souhaitent, mais les f\u00e9ministes n&rsquo;ont pas \u00e0 r\u00e9gler leurs probl\u00e8mes ou \u00e0 leur faire une place dans ce qui est un mouvement pour les femmes.<\/p>\n<\/details>\n\n\n\n<details class=\"wp-block-details is-layout-flow wp-block-details-is-layout-flow\"><summary>C&rsquo;est quoi le genre et la th\u00e9orie du genre ?<\/summary>\n<p>Le genre a plusieurs d\u00e9finitions. Sur ce blog, quand je parle du genre je parle des r\u00f4les sociaux appos\u00e9s au sexe et qui d\u00e9terminent les codes et les normes pour chaque sexe. Il s&rsquo;agit d&rsquo;un outil d&rsquo;oppression dont la forme varie en fonction de l&rsquo;\u00e9poque, la culture et la soci\u00e9t\u00e9, mais le fond reste toujours le m\u00eame. La th\u00e9orie du genre est l&rsquo;id\u00e9e selon laquelle le genre serait un \u00e9l\u00e9ment inn\u00e9 de l&rsquo;\u00eatre humain plut\u00f4t qu&rsquo;un \u00e9l\u00e9ment social, ce qui rel\u00e8ve de l&rsquo;<a href=\"https:\/\/radcaen.fr\/index.php\/2020\/07\/01\/essentialisme-biologique-definition\/\">essentialisme<\/a>.<\/p>\n<\/details>\n\n\n\n<details class=\"wp-block-details is-layout-flow wp-block-details-is-layout-flow\"><summary>Qu&rsquo;est-ce que la critique du genre ?<\/summary>\n<p>La critique du genre consiste \u00e0 critiquer l&rsquo;association faite entre certains traits et le sexe d&rsquo;une personne. Cela consiste aussi \u00e0 critiquer cette association comme naturelle, car elle ne l&rsquo;est pas. C&rsquo;est consid\u00e9rer que les femmes ne naissent pas avec un go\u00fbt pour le rose et un instinct maternel, et qu&rsquo;interdire certaines choses en fonction de ces traits inn\u00e9s suppos\u00e9s ne devrait pas \u00eatre possible ni acceptable. Critiquer le genre revient \u00e0 critiquer les normes sociales de f\u00e9minit\u00e9 et de masculinit\u00e9.<\/p>\n<\/details>\n\n\n\n<details class=\"wp-block-details is-layout-flow wp-block-details-is-layout-flow\"><summary>Pourquoi \u00eatre critique du genre ?<\/summary>\n<p>Le genre est un outil d&rsquo;oppression des femmes, ce n&rsquo;est ni quelque chose d&rsquo;inn\u00e9 et naturel, ni quelque chose de neutre avec lequel exp\u00e9rimenter. C&rsquo;est le genre qui fait qu&rsquo;on attend des femmes qu&rsquo;elles alt\u00e8rent leur apparence naturelle pour rentrer dans des normes, qui fait que notre douleur est moins consid\u00e9r\u00e9e et prise en charge, qui nous pousse vers des alt\u00e9rations corporelles dangereuses et qui fait que les b\u00e9b\u00e9s filles sont plus souvent avort\u00e9es que les gar\u00e7ons \u00e0 cause de la mani\u00e8re dont leur sexe est per\u00e7u socialement. Critiquer le genre, c&rsquo;est critiquer la normalisation sociale de l&rsquo;inf\u00e9riorit\u00e9 des femmes.<\/p>\n<\/details>\n\n\n\n<details class=\"wp-block-details is-layout-flow wp-block-details-is-layout-flow\"><summary>Est-ce que vous \u00eates contre les personnes trans ?<\/summary>\n<p>Absolument pas. C&rsquo;est un mythe commun parce que les personnes trans consid\u00e8rent le genre comme inn\u00e9, ou en partie inn\u00e9. Comme les f\u00e9ministes radicales luttent pour l&rsquo;abolition du genre, elles critiquent les positions des personnes trans qui reviennent \u00e0 naturaliser le genre. Ces derni\u00e8res ann\u00e9es, cette opposition s&rsquo;est intensifi\u00e9e et cristallis\u00e9e dans des d\u00e9bats toxiques et sans r\u00e9el \u00e9change, avec des cas de violence av\u00e9r\u00e9s ainsi que du harc\u00e8lement. En r\u00e9alit\u00e9 les f\u00e9ministes ne souhaitent pas la discrimination des personnes trans. Comme expliqu\u00e9 dans <a href=\"https:\/\/radcaen.fr\/index.php\/2020\/08\/19\/notre-position-sur-lactivisme-transgenre\/\">cet article<\/a>, nous soutenons leurs droits fondamentaux mais posons une limite afin que nos propres droits soient respect\u00e9s.<\/p>\n<\/details>\n\n\n\n<details class=\"wp-block-details is-layout-flow wp-block-details-is-layout-flow\"><summary>C&rsquo;est quoi une \u00ab\u00a0Terf\u00a0\u00bb ?<\/summary>\n<p>L&rsquo;acronyme TERF signifie \u00ab\u00a0F\u00e9ministe Radicale Excluant les Trans\u00a0\u00bb et a \u00e9t\u00e9 \u00e0 la base cr\u00e9\u00e9 pour faire une diff\u00e9rence entre les f\u00e9ministes qui incluaient les hommes trans-identifi\u00e9s (\u00ab\u00a0femmes trans\u00a0\u00bb) dans leurs espaces et celles qui ne le faisaient pas. Depuis l&rsquo;acronyme a d\u00e9riv\u00e9 et est \u00eatre qualifi\u00e9e de Terf est une accusation grave de discrimination et haine envers les personnes trans. C&rsquo;est un terme utilis\u00e9 presque exclusivement envers les femmes et qui clos tout d\u00e9bat. L&rsquo;autrice de ce blog r\u00e9fute les accusations qu&rsquo;impliquent ce terme car elle ne d\u00e9teste pas les personnes trans et ne veut pas les exclure de la soci\u00e9t\u00e9.<\/p>\n<\/details>\n\n\n\n<details class=\"wp-block-details is-layout-flow wp-block-details-is-layout-flow\"><summary>Est-ce que vous \u00eates de droite ou alli\u00e9es \u00e0 la droite ?<\/summary>\n<p>Pas du tout. Le f\u00e9minisme radical est historiquement positionn\u00e9 fortement \u00e0 gauche et c&rsquo;est toujours le cas aujourd&rsquo;hui. La droite et les positions f\u00e9ministes sont tout simplement incompatible sur de tr\u00e8s nombreux points. Les rares objectifs communs le sont pour des raisons radicalement oppos\u00e9es et les f\u00e9ministes radicales ne s&rsquo;allient pas \u00e0 la droite car elle constitue la base de l&rsquo;oppression misogyne dans nos soci\u00e9t\u00e9s. C&rsquo;est une accusation courante mais infond\u00e9e, car les femmes de droite ou alli\u00e9e \u00e0 la droite qui se disent f\u00e9ministes radicales ne sont pas accept\u00e9es par les activistes f\u00e9ministes qui forment le mouvement. Elles n&rsquo;ont de f\u00e9ministe que le nom.<\/p>\n\n\n\n<p>Ainsi, si nous voulons \u00e9radiquer la pornographie c&rsquo;est parce qu&rsquo;il s&rsquo;agit d&rsquo;une industrie pr\u00e9datrice qui profite des femmes traumatis\u00e9es et qui encourage une culture du viol et de la violence sexuelle. La droite souhaite l&rsquo;interdire publiquement et la condamner pour des raisons morales mais sans arr\u00eater d&rsquo;en consommer, et bl\u00e2me les femmes plut\u00f4t que les prox\u00e9n\u00e8tes.<\/p>\n<\/details>\n\n\n\n<div style=\"height:40px\" aria-hidden=\"true\" class=\"wp-block-spacer\"><\/div>\n\n\n\n<p>CC BY-NC-SA 4.0<\/p>\n","protected":false},"excerpt":{"rendered":"<p>Vous vous posez des questions sur la raison d&rsquo;\u00eatre de ce blog, sur ce qu&rsquo;est le f\u00e9minisme dit \u00ab\u00a0radical\u00a0\u00bb, si l&rsquo;autrice d\u00e9teste les hommes ? Vous \u00eates au bon endroit. CC BY-NC-SA 4.0<\/p>\n","protected":false},"author":2,"featured_media":0,"parent":0,"menu_order":0,"comment_status":"closed","ping_status":"closed","template":"","meta":{"_monsterinsights_skip_tracking":false,"_monsterinsights_sitenote_active":false,"_monsterinsights_sitenote_note":"","_monsterinsights_sitenote_category":0,"footnotes":""},"class_list":["post-3148","page","type-page","status-publish","hentry"],"yoast_head":"<!-- This site is optimized with the Yoast SEO plugin v26.8 - https:\/\/yoast.com\/product\/yoast-seo-wordpress\/ -->\n<title>Questions fr\u00e9quentes - RadCaen<\/title>\n<meta name=\"robots\" content=\"index, follow, max-snippet:-1, max-image-preview:large, max-video-preview:-1\" \/>\n<link rel=\"canonical\" href=\"https:\/\/radcaen.fr\/index.php\/faq\/\" \/>\n<meta property=\"og:locale\" content=\"fr_FR\" \/>\n<meta property=\"og:type\" content=\"article\" \/>\n<meta property=\"og:title\" content=\"Questions fr\u00e9quentes - RadCaen\" \/>\n<meta property=\"og:description\" content=\"Vous vous posez des questions sur la raison d&rsquo;\u00eatre de ce blog, sur ce qu&rsquo;est le f\u00e9minisme dit \u00ab\u00a0radical\u00a0\u00bb, si l&rsquo;autrice d\u00e9teste les hommes ? Vous \u00eates au bon endroit. CC BY-NC-SA 4.0\" \/>\n<meta property=\"og:url\" content=\"https:\/\/radcaen.fr\/index.php\/faq\/\" \/>\n<meta property=\"og:site_name\" content=\"RadCaen\" \/>\n<meta property=\"article:modified_time\" content=\"2024-04-24T19:33:20+00:00\" \/>\n<meta name=\"twitter:card\" content=\"summary_large_image\" \/>\n<meta name=\"twitter:label1\" content=\"Dur\u00e9e de lecture estim\u00e9e\" \/>\n\t<meta name=\"twitter:data1\" content=\"7 minutes\" \/>\n<script type=\"application\/ld+json\" class=\"yoast-schema-graph\">{\"@context\":\"https:\/\/schema.org\",\"@graph\":[{\"@type\":\"WebPage\",\"@id\":\"https:\/\/radcaen.fr\/index.php\/faq\/\",\"url\":\"https:\/\/radcaen.fr\/index.php\/faq\/\",\"name\":\"Questions fr\u00e9quentes - RadCaen\",\"isPartOf\":{\"@id\":\"https:\/\/radcaen.fr\/#website\"},\"datePublished\":\"2024-04-15T17:43:08+00:00\",\"dateModified\":\"2024-04-24T19:33:20+00:00\",\"breadcrumb\":{\"@id\":\"https:\/\/radcaen.fr\/index.php\/faq\/#breadcrumb\"},\"inLanguage\":\"fr-FR\",\"potentialAction\":[{\"@type\":\"ReadAction\",\"target\":[\"https:\/\/radcaen.fr\/index.php\/faq\/\"]}]},{\"@type\":\"BreadcrumbList\",\"@id\":\"https:\/\/radcaen.fr\/index.php\/faq\/#breadcrumb\",\"itemListElement\":[{\"@type\":\"ListItem\",\"position\":1,\"name\":\"Accueil\",\"item\":\"https:\/\/radcaen.fr\/\"},{\"@type\":\"ListItem\",\"position\":2,\"name\":\"Questions fr\u00e9quentes\"}]},{\"@type\":\"WebSite\",\"@id\":\"https:\/\/radcaen.fr\/#website\",\"url\":\"https:\/\/radcaen.fr\/\",\"name\":\"RadCaen\",\"description\":\"F\u00e9minisme radical\",\"publisher\":{\"@id\":\"https:\/\/radcaen.fr\/#\/schema\/person\/a9aba7c1961f02b55b6b76bbcc72ffbb\"},\"potentialAction\":[{\"@type\":\"SearchAction\",\"target\":{\"@type\":\"EntryPoint\",\"urlTemplate\":\"https:\/\/radcaen.fr\/?s={search_term_string}\"},\"query-input\":{\"@type\":\"PropertyValueSpecification\",\"valueRequired\":true,\"valueName\":\"search_term_string\"}}],\"inLanguage\":\"fr-FR\"},{\"@type\":[\"Person\",\"Organization\"],\"@id\":\"https:\/\/radcaen.fr\/#\/schema\/person\/a9aba7c1961f02b55b6b76bbcc72ffbb\",\"name\":\"RadCaen\",\"image\":{\"@type\":\"ImageObject\",\"inLanguage\":\"fr-FR\",\"@id\":\"https:\/\/radcaen.fr\/#\/schema\/person\/image\/\",\"url\":\"https:\/\/radcaen.fr\/wp-content\/uploads\/2020\/11\/cropped-radcaen.png\",\"contentUrl\":\"https:\/\/radcaen.fr\/wp-content\/uploads\/2020\/11\/cropped-radcaen.png\",\"width\":591,\"height\":591,\"caption\":\"RadCaen\"},\"logo\":{\"@id\":\"https:\/\/radcaen.fr\/#\/schema\/person\/image\/\"}}]}<\/script>\n<!-- \/ Yoast SEO plugin. -->","yoast_head_json":{"title":"Questions fr\u00e9quentes - RadCaen","robots":{"index":"index","follow":"follow","max-snippet":"max-snippet:-1","max-image-preview":"max-image-preview:large","max-video-preview":"max-video-preview:-1"},"canonical":"https:\/\/radcaen.fr\/index.php\/faq\/","og_locale":"fr_FR","og_type":"article","og_title":"Questions fr\u00e9quentes - RadCaen","og_description":"Vous vous posez des questions sur la raison d&rsquo;\u00eatre de ce blog, sur ce qu&rsquo;est le f\u00e9minisme dit \u00ab\u00a0radical\u00a0\u00bb, si l&rsquo;autrice d\u00e9teste les hommes ? Vous \u00eates au bon endroit. CC BY-NC-SA 4.0","og_url":"https:\/\/radcaen.fr\/index.php\/faq\/","og_site_name":"RadCaen","article_modified_time":"2024-04-24T19:33:20+00:00","twitter_card":"summary_large_image","twitter_misc":{"Dur\u00e9e de lecture estim\u00e9e":"7 minutes"},"schema":{"@context":"https:\/\/schema.org","@graph":[{"@type":"WebPage","@id":"https:\/\/radcaen.fr\/index.php\/faq\/","url":"https:\/\/radcaen.fr\/index.php\/faq\/","name":"Questions fr\u00e9quentes - RadCaen","isPartOf":{"@id":"https:\/\/radcaen.fr\/#website"},"datePublished":"2024-04-15T17:43:08+00:00","dateModified":"2024-04-24T19:33:20+00:00","breadcrumb":{"@id":"https:\/\/radcaen.fr\/index.php\/faq\/#breadcrumb"},"inLanguage":"fr-FR","potentialAction":[{"@type":"ReadAction","target":["https:\/\/radcaen.fr\/index.php\/faq\/"]}]},{"@type":"BreadcrumbList","@id":"https:\/\/radcaen.fr\/index.php\/faq\/#breadcrumb","itemListElement":[{"@type":"ListItem","position":1,"name":"Accueil","item":"https:\/\/radcaen.fr\/"},{"@type":"ListItem","position":2,"name":"Questions fr\u00e9quentes"}]},{"@type":"WebSite","@id":"https:\/\/radcaen.fr\/#website","url":"https:\/\/radcaen.fr\/","name":"RadCaen","description":"F\u00e9minisme radical","publisher":{"@id":"https:\/\/radcaen.fr\/#\/schema\/person\/a9aba7c1961f02b55b6b76bbcc72ffbb"},"potentialAction":[{"@type":"SearchAction","target":{"@type":"EntryPoint","urlTemplate":"https:\/\/radcaen.fr\/?s={search_term_string}"},"query-input":{"@type":"PropertyValueSpecification","valueRequired":true,"valueName":"search_term_string"}}],"inLanguage":"fr-FR"},{"@type":["Person","Organization"],"@id":"https:\/\/radcaen.fr\/#\/schema\/person\/a9aba7c1961f02b55b6b76bbcc72ffbb","name":"RadCaen","image":{"@type":"ImageObject","inLanguage":"fr-FR","@id":"https:\/\/radcaen.fr\/#\/schema\/person\/image\/","url":"https:\/\/radcaen.fr\/wp-content\/uploads\/2020\/11\/cropped-radcaen.png","contentUrl":"https:\/\/radcaen.fr\/wp-content\/uploads\/2020\/11\/cropped-radcaen.png","width":591,"height":591,"caption":"RadCaen"},"logo":{"@id":"https:\/\/radcaen.fr\/#\/schema\/person\/image\/"}}]}},"jetpack_sharing_enabled":true,"_links":{"self":[{"href":"https:\/\/radcaen.fr\/index.php\/wp-json\/wp\/v2\/pages\/3148","targetHints":{"allow":["GET"]}}],"collection":[{"href":"https:\/\/radcaen.fr\/index.php\/wp-json\/wp\/v2\/pages"}],"about":[{"href":"https:\/\/radcaen.fr\/index.php\/wp-json\/wp\/v2\/types\/page"}],"author":[{"embeddable":true,"href":"https:\/\/radcaen.fr\/index.php\/wp-json\/wp\/v2\/users\/2"}],"replies":[{"embeddable":true,"href":"https:\/\/radcaen.fr\/index.php\/wp-json\/wp\/v2\/comments?post=3148"}],"version-history":[{"count":4,"href":"https:\/\/radcaen.fr\/index.php\/wp-json\/wp\/v2\/pages\/3148\/revisions"}],"predecessor-version":[{"id":3177,"href":"https:\/\/radcaen.fr\/index.php\/wp-json\/wp\/v2\/pages\/3148\/revisions\/3177"}],"wp:attachment":[{"href":"https:\/\/radcaen.fr\/index.php\/wp-json\/wp\/v2\/media?parent=3148"}],"curies":[{"name":"wp","href":"https:\/\/api.w.org\/{rel}","templated":true}]}}