{"id":3118,"date":"2024-04-14T14:29:01","date_gmt":"2024-04-14T12:29:01","guid":{"rendered":"https:\/\/radcaen.fr\/?page_id=3118"},"modified":"2024-04-14T14:29:01","modified_gmt":"2024-04-14T12:29:01","slug":"presentation","status":"publish","type":"page","link":"https:\/\/radcaen.fr\/index.php\/presentation\/","title":{"rendered":"Pourquoi ce site ?"},"content":{"rendered":"\n<p><\/p>\n\n\n\n<figure class=\"wp-block-pullquote\"><blockquote><p><em>\u00ab\u00a0La v\u00e9rit\u00e9 vous lib\u00e9rera, mais avant elle vous \u00e9nervera salement\u00a0\u00bb<\/em><\/p><\/blockquote><\/figure>\n\n\n\n<p>Lorsque j&rsquo;ai \u00e9crit cet article de pr\u00e9sentation de mon blog le 3 Juin 2020, je voulais exprimer ma grande frustration face \u00e0 ce qui, je le sais aujourd&rsquo;hui, est une cooptation du f\u00e9minisme. En France comme partout en Europe et aux US, mais aussi dans le reste du monde, ce qu&rsquo;on appelait \u00ab\u00a0f\u00e9minisme\u00a0\u00bb \u00e9tait en fait une branche sp\u00e9cifique, lib\u00e9rale, capitaliste, sur laquelle faire un profit immense tout en renfor\u00e7ant l&rsquo;oppression des femmes \u00e9tait non seulement possible mais courant. Je sais d\u00e9sormais que ce n&rsquo;est pas du f\u00e9minisme, mais que \u00e7a en porte le nom.<\/p>\n\n\n\n<p>J&rsquo;\u00e9tais lass\u00e9e de voir des associations cens\u00e9es \u00eatre f\u00e9ministe militer pour la l\u00e9galisation du prox\u00e9n\u00e9tisme et par l\u00e0 m\u00eame de l&rsquo;exploitation sexuelle des femmes. Lass\u00e9e de voir les droits des femmes passer sous le tapis au profit de th\u00e9ories sur l&rsquo;identit\u00e9 du genre, lass\u00e9e de voir la sant\u00e9 sexuelle r\u00e9duite \u00e0 la pr\u00e9vention du VIH et lass\u00e9e de voir les <a href=\"https:\/\/radcaen.fr\/index.php\/2020\/05\/12\/oppression-basee-sur-le-sexe-definition\/\">principes les plus basiques du f\u00e9minisme<\/a> \u00eatre consid\u00e9r\u00e9s comme discriminants.<\/p>\n\n\n\n<p>Aujourd&rsquo;hui, nous sommes en avril 2024, soit pr\u00e8s de 4 ans et 70 articles plus tard. La situation n&rsquo;a pas \u00e9norm\u00e9ment \u00e9volu\u00e9e. Le combat fait rage entre les femmes qui luttent pour leurs droits et la reconnaissance des discriminations qu&rsquo;elles vivent, et les personnes qui luttent contre ces droits et contre cette reconnaissance. La confusion continue de r\u00e9gner alors que le langage est invers\u00e9 et que les termes f\u00e9ministes sont r\u00e9cup\u00e9r\u00e9s et coopt\u00e9s par des mouvements malveillants. A l&rsquo;\u00e9tranger, des victoires sont faites et j&rsquo;esp\u00e8re voir la m\u00eame chose en France.<\/p>\n\n\n\n<p>Le but premier de ce blog est, et a toujours \u00e9t\u00e9, d&rsquo;\u00e9duquer. Je veux offrir un espace de r\u00e9flexion et de discussion. C&rsquo;est ce que je continue de faire avec mon compte Instagram et mes projets parall\u00e8les \u00e0 l&rsquo;\u00e9criture de mes articles. Je n&rsquo;arr\u00eaterai pas de lire, de me renseigner, d&rsquo;apprendre et de parler de ce que je d\u00e9couvre sur ce blog. J&rsquo;en sais beaucoup plus d\u00e9sormais que quand j&rsquo;ai \u00e9crit mes premiers articles il y a 4 ans.<\/p>\n\n\n\n<p>Il n&rsquo;existe toujours pas d&rsquo;association f\u00e9ministe radicale \u00e0 Caen, et je ne suis toujours pas capable d&rsquo;en cr\u00e9er une. Mais je pense que mes efforts, mes recherche, mes articles et bient\u00f4t, je l&rsquo;esp\u00e8re, un livre, permettront de changer les choses.<\/p>\n\n\n\n<div style=\"height:100px\" aria-hidden=\"true\" class=\"wp-block-spacer\"><\/div>\n\n\n\n<p>CC BY-NC-SA 4.0<\/p>\n","protected":false},"excerpt":{"rendered":"<p>\u00ab\u00a0La v\u00e9rit\u00e9 vous lib\u00e9rera, mais avant elle vous \u00e9nervera salement\u00a0\u00bb Lorsque j&rsquo;ai \u00e9crit cet article de pr\u00e9sentation de mon blog le 3 Juin 2020, je voulais exprimer ma grande frustration face \u00e0 ce qui, je le sais aujourd&rsquo;hui, est une cooptation du f\u00e9minisme. En France comme partout en Europe et aux US, mais aussi dans [&hellip;]<\/p>\n","protected":false},"author":2,"featured_media":0,"parent":0,"menu_order":0,"comment_status":"closed","ping_status":"closed","template":"","meta":{"_monsterinsights_skip_tracking":false,"_monsterinsights_sitenote_active":false,"_monsterinsights_sitenote_note":"","_monsterinsights_sitenote_category":0,"footnotes":""},"class_list":["post-3118","page","type-page","status-publish","hentry"],"yoast_head":"<!-- This site is optimized with the Yoast SEO plugin v26.8 - https:\/\/yoast.com\/product\/yoast-seo-wordpress\/ -->\n<title>Pourquoi ce site ? - RadCaen<\/title>\n<meta name=\"description\" content=\"Pr\u00e9sentation de pourquoi j&#039;ai commenc\u00e9 ce blog il y a quatre ans, pourquoi je continue, et ce que vous pourrez y trouver.\" \/>\n<meta name=\"robots\" content=\"index, follow, max-snippet:-1, max-image-preview:large, max-video-preview:-1\" \/>\n<link rel=\"canonical\" href=\"https:\/\/radcaen.fr\/index.php\/presentation\/\" \/>\n<meta property=\"og:locale\" content=\"fr_FR\" \/>\n<meta property=\"og:type\" content=\"article\" \/>\n<meta property=\"og:title\" content=\"Pourquoi ce site ? - RadCaen\" \/>\n<meta property=\"og:description\" content=\"Pr\u00e9sentation de pourquoi j&#039;ai commenc\u00e9 ce blog il y a quatre ans, pourquoi je continue, et ce que vous pourrez y trouver.\" \/>\n<meta property=\"og:url\" content=\"https:\/\/radcaen.fr\/index.php\/presentation\/\" \/>\n<meta property=\"og:site_name\" content=\"RadCaen\" \/>\n<meta name=\"twitter:card\" content=\"summary_large_image\" \/>\n<meta name=\"twitter:label1\" content=\"Dur\u00e9e de lecture estim\u00e9e\" \/>\n\t<meta name=\"twitter:data1\" content=\"2 minutes\" \/>\n<script type=\"application\/ld+json\" class=\"yoast-schema-graph\">{\"@context\":\"https:\/\/schema.org\",\"@graph\":[{\"@type\":\"WebPage\",\"@id\":\"https:\/\/radcaen.fr\/index.php\/presentation\/\",\"url\":\"https:\/\/radcaen.fr\/index.php\/presentation\/\",\"name\":\"Pourquoi ce site ? - RadCaen\",\"isPartOf\":{\"@id\":\"https:\/\/radcaen.fr\/#website\"},\"datePublished\":\"2024-04-14T12:29:01+00:00\",\"description\":\"Pr\u00e9sentation de pourquoi j'ai commenc\u00e9 ce blog il y a quatre ans, pourquoi je continue, et ce que vous pourrez y trouver.\",\"breadcrumb\":{\"@id\":\"https:\/\/radcaen.fr\/index.php\/presentation\/#breadcrumb\"},\"inLanguage\":\"fr-FR\",\"potentialAction\":[{\"@type\":\"ReadAction\",\"target\":[\"https:\/\/radcaen.fr\/index.php\/presentation\/\"]}]},{\"@type\":\"BreadcrumbList\",\"@id\":\"https:\/\/radcaen.fr\/index.php\/presentation\/#breadcrumb\",\"itemListElement\":[{\"@type\":\"ListItem\",\"position\":1,\"name\":\"Accueil\",\"item\":\"https:\/\/radcaen.fr\/\"},{\"@type\":\"ListItem\",\"position\":2,\"name\":\"Pourquoi ce site ?\"}]},{\"@type\":\"WebSite\",\"@id\":\"https:\/\/radcaen.fr\/#website\",\"url\":\"https:\/\/radcaen.fr\/\",\"name\":\"RadCaen\",\"description\":\"F\u00e9minisme radical\",\"publisher\":{\"@id\":\"https:\/\/radcaen.fr\/#\/schema\/person\/a9aba7c1961f02b55b6b76bbcc72ffbb\"},\"potentialAction\":[{\"@type\":\"SearchAction\",\"target\":{\"@type\":\"EntryPoint\",\"urlTemplate\":\"https:\/\/radcaen.fr\/?s={search_term_string}\"},\"query-input\":{\"@type\":\"PropertyValueSpecification\",\"valueRequired\":true,\"valueName\":\"search_term_string\"}}],\"inLanguage\":\"fr-FR\"},{\"@type\":[\"Person\",\"Organization\"],\"@id\":\"https:\/\/radcaen.fr\/#\/schema\/person\/a9aba7c1961f02b55b6b76bbcc72ffbb\",\"name\":\"RadCaen\",\"image\":{\"@type\":\"ImageObject\",\"inLanguage\":\"fr-FR\",\"@id\":\"https:\/\/radcaen.fr\/#\/schema\/person\/image\/\",\"url\":\"https:\/\/radcaen.fr\/wp-content\/uploads\/2020\/11\/cropped-radcaen.png\",\"contentUrl\":\"https:\/\/radcaen.fr\/wp-content\/uploads\/2020\/11\/cropped-radcaen.png\",\"width\":591,\"height\":591,\"caption\":\"RadCaen\"},\"logo\":{\"@id\":\"https:\/\/radcaen.fr\/#\/schema\/person\/image\/\"}}]}<\/script>\n<!-- \/ Yoast SEO plugin. -->","yoast_head_json":{"title":"Pourquoi ce site ? - RadCaen","description":"Pr\u00e9sentation de pourquoi j'ai commenc\u00e9 ce blog il y a quatre ans, pourquoi je continue, et ce que vous pourrez y trouver.","robots":{"index":"index","follow":"follow","max-snippet":"max-snippet:-1","max-image-preview":"max-image-preview:large","max-video-preview":"max-video-preview:-1"},"canonical":"https:\/\/radcaen.fr\/index.php\/presentation\/","og_locale":"fr_FR","og_type":"article","og_title":"Pourquoi ce site ? - RadCaen","og_description":"Pr\u00e9sentation de pourquoi j'ai commenc\u00e9 ce blog il y a quatre ans, pourquoi je continue, et ce que vous pourrez y trouver.","og_url":"https:\/\/radcaen.fr\/index.php\/presentation\/","og_site_name":"RadCaen","twitter_card":"summary_large_image","twitter_misc":{"Dur\u00e9e de lecture estim\u00e9e":"2 minutes"},"schema":{"@context":"https:\/\/schema.org","@graph":[{"@type":"WebPage","@id":"https:\/\/radcaen.fr\/index.php\/presentation\/","url":"https:\/\/radcaen.fr\/index.php\/presentation\/","name":"Pourquoi ce site ? - RadCaen","isPartOf":{"@id":"https:\/\/radcaen.fr\/#website"},"datePublished":"2024-04-14T12:29:01+00:00","description":"Pr\u00e9sentation de pourquoi j'ai commenc\u00e9 ce blog il y a quatre ans, pourquoi je continue, et ce que vous pourrez y trouver.","breadcrumb":{"@id":"https:\/\/radcaen.fr\/index.php\/presentation\/#breadcrumb"},"inLanguage":"fr-FR","potentialAction":[{"@type":"ReadAction","target":["https:\/\/radcaen.fr\/index.php\/presentation\/"]}]},{"@type":"BreadcrumbList","@id":"https:\/\/radcaen.fr\/index.php\/presentation\/#breadcrumb","itemListElement":[{"@type":"ListItem","position":1,"name":"Accueil","item":"https:\/\/radcaen.fr\/"},{"@type":"ListItem","position":2,"name":"Pourquoi ce site ?"}]},{"@type":"WebSite","@id":"https:\/\/radcaen.fr\/#website","url":"https:\/\/radcaen.fr\/","name":"RadCaen","description":"F\u00e9minisme radical","publisher":{"@id":"https:\/\/radcaen.fr\/#\/schema\/person\/a9aba7c1961f02b55b6b76bbcc72ffbb"},"potentialAction":[{"@type":"SearchAction","target":{"@type":"EntryPoint","urlTemplate":"https:\/\/radcaen.fr\/?s={search_term_string}"},"query-input":{"@type":"PropertyValueSpecification","valueRequired":true,"valueName":"search_term_string"}}],"inLanguage":"fr-FR"},{"@type":["Person","Organization"],"@id":"https:\/\/radcaen.fr\/#\/schema\/person\/a9aba7c1961f02b55b6b76bbcc72ffbb","name":"RadCaen","image":{"@type":"ImageObject","inLanguage":"fr-FR","@id":"https:\/\/radcaen.fr\/#\/schema\/person\/image\/","url":"https:\/\/radcaen.fr\/wp-content\/uploads\/2020\/11\/cropped-radcaen.png","contentUrl":"https:\/\/radcaen.fr\/wp-content\/uploads\/2020\/11\/cropped-radcaen.png","width":591,"height":591,"caption":"RadCaen"},"logo":{"@id":"https:\/\/radcaen.fr\/#\/schema\/person\/image\/"}}]}},"jetpack_sharing_enabled":true,"_links":{"self":[{"href":"https:\/\/radcaen.fr\/index.php\/wp-json\/wp\/v2\/pages\/3118","targetHints":{"allow":["GET"]}}],"collection":[{"href":"https:\/\/radcaen.fr\/index.php\/wp-json\/wp\/v2\/pages"}],"about":[{"href":"https:\/\/radcaen.fr\/index.php\/wp-json\/wp\/v2\/types\/page"}],"author":[{"embeddable":true,"href":"https:\/\/radcaen.fr\/index.php\/wp-json\/wp\/v2\/users\/2"}],"replies":[{"embeddable":true,"href":"https:\/\/radcaen.fr\/index.php\/wp-json\/wp\/v2\/comments?post=3118"}],"version-history":[{"count":3,"href":"https:\/\/radcaen.fr\/index.php\/wp-json\/wp\/v2\/pages\/3118\/revisions"}],"predecessor-version":[{"id":3121,"href":"https:\/\/radcaen.fr\/index.php\/wp-json\/wp\/v2\/pages\/3118\/revisions\/3121"}],"wp:attachment":[{"href":"https:\/\/radcaen.fr\/index.php\/wp-json\/wp\/v2\/media?parent=3118"}],"curies":[{"name":"wp","href":"https:\/\/api.w.org\/{rel}","templated":true}]}}