{"id":2594,"date":"2021-10-21T14:34:37","date_gmt":"2021-10-21T12:34:37","guid":{"rendered":"https:\/\/radcaen.fr\/?page_id=2594"},"modified":"2024-04-16T20:21:20","modified_gmt":"2024-04-16T18:21:20","slug":"a-propos","status":"publish","type":"page","link":"https:\/\/radcaen.fr\/index.php\/a-propos\/","title":{"rendered":"\u00c0 propos"},"content":{"rendered":"\n<p><\/p>\n\n\n\n<p>Lanc\u00e9 en Mai 2020, RadCaen est un blog sur le f\u00e9minisme radical fortement orient\u00e9 vers les questions de genre. Il s&rsquo;adresse \u00e0 toute femme souhaitant d\u00e9couvrir le f\u00e9minisme radical ou lire l&rsquo;avis d&rsquo;une int\u00e9ress\u00e9e sur le sujet. Pour en savoir plus, n&rsquo;h\u00e9sitez pas \u00e0 consulter la <a href=\"https:\/\/radcaen.fr\/index.php\/presentation\/\">pr\u00e9sentation<\/a> du blog ainsi que ma <a href=\"https:\/\/radcaen.fr\/index.php\/faq\/\">FAQ<\/a>.<\/p>\n\n\n\n<h2 class=\"wp-block-heading has-text-align-center\">Que trouverez-vous sur RadCaen ?<\/h2>\n\n\n\n<p>\u2022 <strong>Des articles longs, d\u00e9taill\u00e9s et sourc\u00e9s plut\u00f4t que de l&rsquo;actualit\u00e9<\/strong>. Je ne r\u00e9agis pas beaucoup en direct, pour ce dernier point vous pouvez envisager de me suivre sur <a href=\"https:\/\/www.instagram.com\/radcaen\/\" target=\"_blank\" rel=\"noreferrer noopener\">Instagram<\/a>.<\/p>\n\n\n\n<p>\u2022 <strong>Des d\u00e9finitions de notions que je consid\u00e8re essentielles<\/strong> pour comprendre l&rsquo;approche f\u00e9ministe radicale. Ce blog est \u00e0 but \u00e9ducatif.<\/p>\n\n\n\n<p>\u2022 <strong>De la vulgarisation de concepts f\u00e9ministes et scientifiques<\/strong> qui peuvent \u00eatre complexes, pour une approche plus simple. Le f\u00e9minisme demande d&rsquo;\u00eatre comp\u00e9tente dans de nombreux sujets, et je me sp\u00e9cialise dans la biologie et la psychologie.<\/p>\n\n\n\n<p>\u2022 <strong>Je parle beaucoup de droits des femmes, d&rsquo;homosexualit\u00e9 et d&rsquo;identit\u00e9 transgenre<\/strong>. Ce sont mes sujets de pr\u00e9dilection, m\u00eame si vous \u00eates susceptibles de trouver d&rsquo;autres th\u00e8mes sur le blog.<\/p>\n\n\n\n<h2 class=\"wp-block-heading has-text-align-center\">Pourquoi me lire ?<\/h2>\n\n\n\n<p>\u2022 <strong>Je suis enti\u00e8rement ind\u00e9pendante<\/strong>. Je n&rsquo;appartiens \u00e0 aucune organisation ou association, les \u00e9crits post\u00e9s ici sont de mon propre processus militant.<\/p>\n\n\n\n<p>\u2022 <strong>Je d\u00e9veloppe la pens\u00e9e critique<\/strong>. Mon but est de permettre la r\u00e9flexion et le questionnement sur des sujets qui me tiennent \u00e0 c\u0153ur. Je partage un point de vue qui n&rsquo;est pas diffus\u00e9 dans les m\u00e9dias.<\/p>\n\n\n\n<p>\u2022 <strong>Je partage toutes mes sources<\/strong>. Quand je fais une affirmation, je la confirme avec la source la plus r\u00e9cente et fiable que j&rsquo;ai pu trouver.<\/p>\n\n\n\n<p>\u2022 <strong>Il existe peu de blogs sur le f\u00e9minisme radical<\/strong>. Je m&rsquo;efforce d&rsquo;apporter ma pierre \u00e0 l&rsquo;\u00e9difice pour r\u00e9pandre cette forme de f\u00e9minisme qui est, \u00e0 mes yeux, la plus efficace.<\/p>\n\n\n\n<h2 class=\"wp-block-heading has-text-align-center\">Au sujet de l&rsquo;autrice<\/h2>\n\n\n\n<p>\u2022 Je suis militante f\u00e9ministe, et j&rsquo;\u00e9cris sur ce blog avec le nom de plume Audrey Bacques. Je tiens \u00e0 garder mon vrai nom pour moi-m\u00eame afin d&rsquo;\u00e9viter la censure et le harc\u00e8lement.<\/p>\n\n\n\n<p>\u2022 Depuis le lyc\u00e9e, je suis int\u00e9ress\u00e9e par le <a href=\"https:\/\/radcaen.fr\/index.php\/tag\/feminisme\/\" target=\"_blank\" rel=\"noreferrer noopener\">f\u00e9minisme<\/a>, l&rsquo;activisme <a href=\"https:\/\/radcaen.fr\/index.php\/tag\/lgb\/\" target=\"_blank\" rel=\"noreferrer noopener\">homosexuel<\/a> et la <a href=\"https:\/\/radcaen.fr\/index.php\/tag\/transactivisme\/\" target=\"_blank\" rel=\"noreferrer noopener\">transidentit\u00e9<\/a>. Apr\u00e8s pas mal de temps dans les cercles libfems, j&rsquo;ai v\u00e9cu un peak trans et ai d\u00e9cid\u00e9 de me renseigner plus en profondeur sur le f\u00e9minisme radical. Ce blog est le r\u00e9sultat de mes lectures et de mes recherches.<\/p>\n\n\n\n<h2 class=\"wp-block-heading has-text-align-center\">Vous abonner et me soutenir<\/h2>\n\n\n\n<p>\u2022 <strong>Vous pouvez vous inscrire \u00e0 ma <a href=\"https:\/\/e0a66a8f.sibforms.com\/serve\/MUIEAPmROiFRjoNo8Ed1Ju8ty_NDfiPnSG3sgJpsQu06NUIf7gSdWO11AGvZR7ONU9jiEcsFUKPZTMV-VFaKRStBE8vlo2X6Ail50RD1pp_n-m0cAfidAgtQ65WQ-yzBE_e0aU6XZnctJ85aQF5G52oxYrp6rNvMhX5ZXeG4xXxwS6nC7kbPRc63qXOWvmu1lEaqI8kNGpxTO7Eo\" target=\"_blank\" rel=\"noreferrer noopener\">Newsletter<\/a><\/strong> pour recevoir chaque semaine l&rsquo;article publi\u00e9 directement dans votre bo\u00eete mail. Vous recevrez aussi des nouvelles du blog de temps \u00e0 autres.<\/p>\n\n\n\n<p>\u2022 <strong>Il n&rsquo;y aura jamais de spam ou d&rsquo;offres promotionnelles<\/strong>, juste les articles et des nouvelles du blog.<\/p>\n\n\n\n<p>\u2022 <strong>Le contenu de ce blog a toujours \u00e9t\u00e9 enti\u00e8rement gratuit<\/strong>. Avant, je proposais la possibilit\u00e9 de me soutenir financi\u00e8rement sur Tipeee puis Ko-Fi pour celles qui le souhaitaient. <strong>Je n&rsquo;offre plus cette possibilit\u00e9<\/strong>. Ma situation actuelle me permet de vivre sans dons. Le blog n&rsquo;est donc plus du tout mon\u00e9tis\u00e9, car ce n&rsquo;est pas mon souhait et que je peux me le permettre.<\/p>\n\n\n\n<div style=\"height:100px\" aria-hidden=\"true\" class=\"wp-block-spacer\"><\/div>\n\n\n\n<p>[kofi]<\/p>\n\n\n\n<p>CC BY-NC-SA 4.0<\/p>\n","protected":false},"excerpt":{"rendered":"<p>Lanc\u00e9 en Mai 2020, RadCaen est un blog sur le f\u00e9minisme radical fortement orient\u00e9 vers les questions de genre. Il s&rsquo;adresse \u00e0 toute femme souhaitant d\u00e9couvrir le f\u00e9minisme radical ou lire l&rsquo;avis d&rsquo;une int\u00e9ress\u00e9e sur le sujet. Pour en savoir plus, n&rsquo;h\u00e9sitez pas \u00e0 consulter la pr\u00e9sentation du blog ainsi que ma FAQ. Que trouverez-vous [&hellip;]<\/p>\n","protected":false},"author":2,"featured_media":0,"parent":0,"menu_order":0,"comment_status":"closed","ping_status":"closed","template":"","meta":{"_monsterinsights_skip_tracking":false,"_monsterinsights_sitenote_active":false,"_monsterinsights_sitenote_note":"","_monsterinsights_sitenote_category":0,"footnotes":""},"class_list":["post-2594","page","type-page","status-publish","hentry"],"yoast_head":"<!-- This site is optimized with the Yoast SEO plugin v26.8 - https:\/\/yoast.com\/product\/yoast-seo-wordpress\/ -->\n<title>\u00c0 propos - RadCaen<\/title>\n<meta name=\"description\" content=\"A propos du blog, de ce que vous pourrez y trouver (ou pas), de l&#039;autrice, et de toutes les questions que vous pouvez vous poser !\" \/>\n<meta name=\"robots\" content=\"index, follow, max-snippet:-1, max-image-preview:large, max-video-preview:-1\" \/>\n<link rel=\"canonical\" href=\"https:\/\/radcaen.fr\/index.php\/a-propos\/\" \/>\n<meta property=\"og:locale\" content=\"fr_FR\" \/>\n<meta property=\"og:type\" content=\"article\" \/>\n<meta property=\"og:title\" content=\"\u00c0 propos - RadCaen\" \/>\n<meta property=\"og:description\" content=\"A propos du blog, de ce que vous pourrez y trouver (ou pas), de l&#039;autrice, et de toutes les questions que vous pouvez vous poser !\" \/>\n<meta property=\"og:url\" content=\"https:\/\/radcaen.fr\/index.php\/a-propos\/\" \/>\n<meta property=\"og:site_name\" content=\"RadCaen\" \/>\n<meta property=\"article:modified_time\" content=\"2024-04-16T18:21:20+00:00\" \/>\n<meta name=\"twitter:card\" content=\"summary_large_image\" \/>\n<meta name=\"twitter:label1\" content=\"Dur\u00e9e de lecture estim\u00e9e\" \/>\n\t<meta name=\"twitter:data1\" content=\"3 minutes\" \/>\n<script type=\"application\/ld+json\" class=\"yoast-schema-graph\">{\"@context\":\"https:\/\/schema.org\",\"@graph\":[{\"@type\":\"WebPage\",\"@id\":\"https:\/\/radcaen.fr\/index.php\/a-propos\/\",\"url\":\"https:\/\/radcaen.fr\/index.php\/a-propos\/\",\"name\":\"\u00c0 propos - RadCaen\",\"isPartOf\":{\"@id\":\"https:\/\/radcaen.fr\/#website\"},\"datePublished\":\"2021-10-21T12:34:37+00:00\",\"dateModified\":\"2024-04-16T18:21:20+00:00\",\"description\":\"A propos du blog, de ce que vous pourrez y trouver (ou pas), de l'autrice, et de toutes les questions que vous pouvez vous poser !\",\"breadcrumb\":{\"@id\":\"https:\/\/radcaen.fr\/index.php\/a-propos\/#breadcrumb\"},\"inLanguage\":\"fr-FR\",\"potentialAction\":[{\"@type\":\"ReadAction\",\"target\":[\"https:\/\/radcaen.fr\/index.php\/a-propos\/\"]}]},{\"@type\":\"BreadcrumbList\",\"@id\":\"https:\/\/radcaen.fr\/index.php\/a-propos\/#breadcrumb\",\"itemListElement\":[{\"@type\":\"ListItem\",\"position\":1,\"name\":\"Accueil\",\"item\":\"https:\/\/radcaen.fr\/\"},{\"@type\":\"ListItem\",\"position\":2,\"name\":\"\u00c0 propos\"}]},{\"@type\":\"WebSite\",\"@id\":\"https:\/\/radcaen.fr\/#website\",\"url\":\"https:\/\/radcaen.fr\/\",\"name\":\"RadCaen\",\"description\":\"F\u00e9minisme radical\",\"publisher\":{\"@id\":\"https:\/\/radcaen.fr\/#\/schema\/person\/a9aba7c1961f02b55b6b76bbcc72ffbb\"},\"potentialAction\":[{\"@type\":\"SearchAction\",\"target\":{\"@type\":\"EntryPoint\",\"urlTemplate\":\"https:\/\/radcaen.fr\/?s={search_term_string}\"},\"query-input\":{\"@type\":\"PropertyValueSpecification\",\"valueRequired\":true,\"valueName\":\"search_term_string\"}}],\"inLanguage\":\"fr-FR\"},{\"@type\":[\"Person\",\"Organization\"],\"@id\":\"https:\/\/radcaen.fr\/#\/schema\/person\/a9aba7c1961f02b55b6b76bbcc72ffbb\",\"name\":\"RadCaen\",\"image\":{\"@type\":\"ImageObject\",\"inLanguage\":\"fr-FR\",\"@id\":\"https:\/\/radcaen.fr\/#\/schema\/person\/image\/\",\"url\":\"https:\/\/radcaen.fr\/wp-content\/uploads\/2020\/11\/cropped-radcaen.png\",\"contentUrl\":\"https:\/\/radcaen.fr\/wp-content\/uploads\/2020\/11\/cropped-radcaen.png\",\"width\":591,\"height\":591,\"caption\":\"RadCaen\"},\"logo\":{\"@id\":\"https:\/\/radcaen.fr\/#\/schema\/person\/image\/\"}}]}<\/script>\n<!-- \/ Yoast SEO plugin. -->","yoast_head_json":{"title":"\u00c0 propos - RadCaen","description":"A propos du blog, de ce que vous pourrez y trouver (ou pas), de l'autrice, et de toutes les questions que vous pouvez vous poser !","robots":{"index":"index","follow":"follow","max-snippet":"max-snippet:-1","max-image-preview":"max-image-preview:large","max-video-preview":"max-video-preview:-1"},"canonical":"https:\/\/radcaen.fr\/index.php\/a-propos\/","og_locale":"fr_FR","og_type":"article","og_title":"\u00c0 propos - RadCaen","og_description":"A propos du blog, de ce que vous pourrez y trouver (ou pas), de l'autrice, et de toutes les questions que vous pouvez vous poser !","og_url":"https:\/\/radcaen.fr\/index.php\/a-propos\/","og_site_name":"RadCaen","article_modified_time":"2024-04-16T18:21:20+00:00","twitter_card":"summary_large_image","twitter_misc":{"Dur\u00e9e de lecture estim\u00e9e":"3 minutes"},"schema":{"@context":"https:\/\/schema.org","@graph":[{"@type":"WebPage","@id":"https:\/\/radcaen.fr\/index.php\/a-propos\/","url":"https:\/\/radcaen.fr\/index.php\/a-propos\/","name":"\u00c0 propos - RadCaen","isPartOf":{"@id":"https:\/\/radcaen.fr\/#website"},"datePublished":"2021-10-21T12:34:37+00:00","dateModified":"2024-04-16T18:21:20+00:00","description":"A propos du blog, de ce que vous pourrez y trouver (ou pas), de l'autrice, et de toutes les questions que vous pouvez vous poser !","breadcrumb":{"@id":"https:\/\/radcaen.fr\/index.php\/a-propos\/#breadcrumb"},"inLanguage":"fr-FR","potentialAction":[{"@type":"ReadAction","target":["https:\/\/radcaen.fr\/index.php\/a-propos\/"]}]},{"@type":"BreadcrumbList","@id":"https:\/\/radcaen.fr\/index.php\/a-propos\/#breadcrumb","itemListElement":[{"@type":"ListItem","position":1,"name":"Accueil","item":"https:\/\/radcaen.fr\/"},{"@type":"ListItem","position":2,"name":"\u00c0 propos"}]},{"@type":"WebSite","@id":"https:\/\/radcaen.fr\/#website","url":"https:\/\/radcaen.fr\/","name":"RadCaen","description":"F\u00e9minisme radical","publisher":{"@id":"https:\/\/radcaen.fr\/#\/schema\/person\/a9aba7c1961f02b55b6b76bbcc72ffbb"},"potentialAction":[{"@type":"SearchAction","target":{"@type":"EntryPoint","urlTemplate":"https:\/\/radcaen.fr\/?s={search_term_string}"},"query-input":{"@type":"PropertyValueSpecification","valueRequired":true,"valueName":"search_term_string"}}],"inLanguage":"fr-FR"},{"@type":["Person","Organization"],"@id":"https:\/\/radcaen.fr\/#\/schema\/person\/a9aba7c1961f02b55b6b76bbcc72ffbb","name":"RadCaen","image":{"@type":"ImageObject","inLanguage":"fr-FR","@id":"https:\/\/radcaen.fr\/#\/schema\/person\/image\/","url":"https:\/\/radcaen.fr\/wp-content\/uploads\/2020\/11\/cropped-radcaen.png","contentUrl":"https:\/\/radcaen.fr\/wp-content\/uploads\/2020\/11\/cropped-radcaen.png","width":591,"height":591,"caption":"RadCaen"},"logo":{"@id":"https:\/\/radcaen.fr\/#\/schema\/person\/image\/"}}]}},"jetpack_sharing_enabled":true,"_links":{"self":[{"href":"https:\/\/radcaen.fr\/index.php\/wp-json\/wp\/v2\/pages\/2594","targetHints":{"allow":["GET"]}}],"collection":[{"href":"https:\/\/radcaen.fr\/index.php\/wp-json\/wp\/v2\/pages"}],"about":[{"href":"https:\/\/radcaen.fr\/index.php\/wp-json\/wp\/v2\/types\/page"}],"author":[{"embeddable":true,"href":"https:\/\/radcaen.fr\/index.php\/wp-json\/wp\/v2\/users\/2"}],"replies":[{"embeddable":true,"href":"https:\/\/radcaen.fr\/index.php\/wp-json\/wp\/v2\/comments?post=2594"}],"version-history":[{"count":11,"href":"https:\/\/radcaen.fr\/index.php\/wp-json\/wp\/v2\/pages\/2594\/revisions"}],"predecessor-version":[{"id":3165,"href":"https:\/\/radcaen.fr\/index.php\/wp-json\/wp\/v2\/pages\/2594\/revisions\/3165"}],"wp:attachment":[{"href":"https:\/\/radcaen.fr\/index.php\/wp-json\/wp\/v2\/media?parent=2594"}],"curies":[{"name":"wp","href":"https:\/\/api.w.org\/{rel}","templated":true}]}}