{"id":1572,"date":"2020-10-12T15:33:42","date_gmt":"2020-10-12T13:33:42","guid":{"rendered":"https:\/\/radcaen.wordpress.com\/?page_id=1572"},"modified":"2022-04-08T19:02:33","modified_gmt":"2022-04-08T17:02:33","slug":"ressources","status":"publish","type":"page","link":"https:\/\/radcaen.fr\/index.php\/ressources\/","title":{"rendered":"Documents"},"content":{"rendered":"\n<div style=\"height:50px\" aria-hidden=\"true\" class=\"wp-block-spacer\"><\/div>\n\n\n\n<p class=\"has-text-align-center\">Ici sont post\u00e9es les ressources que je cr\u00e9e dans le cadre de mon activisme. Elles sont disponible gratuitement et sous licence <a href=\"https:\/\/creativecommons.org\/licenses\/by-nc-sa\/4.0\/\" target=\"_blank\" rel=\"noreferrer noopener\">Cr\u00e9ative Commons BY-NC-SA 4.0<\/a>. Cela signifie que vous pouvez partager et modifier ces document \u00e0 condition de me cr\u00e9diter et de mettre un lien vers cette page (en pr\u00e9cisant si vous apport\u00e9 des modifications), de ne pas en faire d&rsquo;utilisation commerciale, et d&rsquo;utiliser la m\u00eame licence.<\/p>\n\n\n\n<hr class=\"wp-block-separator is-style-dots\"\/>\n\n\n\n<p><\/p>\n\n\n\n<div class=\"wp-block-image\"><figure class=\"aligncenter size-large\"><img loading=\"lazy\" decoding=\"async\" width=\"1024\" height=\"171\" data-attachment-id=\"2917\" data-permalink=\"https:\/\/radcaen.fr\/bannieres-document\/\" data-orig-file=\"https:\/\/radcaen.fr\/wp-content\/uploads\/2022\/04\/bannieres-document.png\" data-orig-size=\"1200,200\" data-comments-opened=\"1\" data-image-meta=\"{&quot;aperture&quot;:&quot;0&quot;,&quot;credit&quot;:&quot;&quot;,&quot;camera&quot;:&quot;&quot;,&quot;caption&quot;:&quot;&quot;,&quot;created_timestamp&quot;:&quot;0&quot;,&quot;copyright&quot;:&quot;&quot;,&quot;focal_length&quot;:&quot;0&quot;,&quot;iso&quot;:&quot;0&quot;,&quot;shutter_speed&quot;:&quot;0&quot;,&quot;title&quot;:&quot;&quot;,&quot;orientation&quot;:&quot;0&quot;}\" data-image-title=\"banni\u00e8res document\" data-image-description=\"\" data-image-caption=\"\" data-medium-file=\"https:\/\/radcaen.fr\/wp-content\/uploads\/2022\/04\/bannieres-document-300x50.png\" data-large-file=\"https:\/\/radcaen.fr\/wp-content\/uploads\/2022\/04\/bannieres-document-1024x171.png\" src=\"https:\/\/radcaen.fr\/wp-content\/uploads\/2022\/04\/bannieres-document-1024x171.png\" alt=\"\" class=\"wp-image-2917\" srcset=\"https:\/\/radcaen.fr\/wp-content\/uploads\/2022\/04\/bannieres-document-1024x171.png 1024w, https:\/\/radcaen.fr\/wp-content\/uploads\/2022\/04\/bannieres-document-300x50.png 300w, https:\/\/radcaen.fr\/wp-content\/uploads\/2022\/04\/bannieres-document-768x128.png 768w, https:\/\/radcaen.fr\/wp-content\/uploads\/2022\/04\/bannieres-document-600x100.png 600w, https:\/\/radcaen.fr\/wp-content\/uploads\/2022\/04\/bannieres-document.png 1200w\" sizes=\"auto, (max-width: 1024px) 100vw, 1024px\" \/><\/figure><\/div>\n\n\n\n<div class=\"wp-block-file\"><a id=\"wp-block-file--media-a8bf1fc4-2090-4d10-bcdd-dfb4519883d7\" href=\"https:\/\/radcaen.fr\/wp-content\/uploads\/2021\/11\/Analyse-des-chiffres-du-TDoR-2021.pdf\" target=\"_blank\" rel=\"noreferrer noopener\">Analyse du nombre de meurtres de la population transgenre en France et aux Etats-Unis (2021)<\/a><a href=\"https:\/\/radcaen.fr\/wp-content\/uploads\/2021\/11\/Analyse-des-chiffres-du-TDoR-2021.pdf\" class=\"wp-block-file__button\" download aria-describedby=\"wp-block-file--media-a8bf1fc4-2090-4d10-bcdd-dfb4519883d7\">T\u00e9l\u00e9charger<\/a><\/div>\n\n\n\n<p>Ce document de 16 pages a \u00e9t\u00e9 r\u00e9alis\u00e9 \u00e0 ma demande par Feminist Witch Memes (Instagram), qui a l&rsquo;habitude de r\u00e9aliser des rapports statistiques pour son travail. Cette analyse fais une estimation de la population transgenre de France, compile les donn\u00e9es disponibles sur les personnes trans victimes de meurtre et compare avec une population t\u00e9moin non-trans. Le but est d&rsquo;obtenir des donn\u00e9es utilisables et fiables sur le taux de meurtre des personnes trans par rapport \u00e0 la population g\u00e9n\u00e9rale afin de v\u00e9rifier l&rsquo;hypoth\u00e8se selon laquelle les personnes trans sont plus \u00e0 risque d&rsquo;\u00eatre tu\u00e9es que les personnes non-trans.<br>Tous les calculs sont d\u00e9taill\u00e9s et les sources sont cit\u00e9es \u00e0 la fin. Vous trouverez \u00e9galement des graphiques pour avoir une repr\u00e9sentation visuelle des donn\u00e9es. M\u00eame si des notions de math\u00e9matiques sont un plus pour comprendre le document, tout est vulgaris\u00e9.<\/p>\n\n\n\n<div style=\"height:50px\" aria-hidden=\"true\" class=\"wp-block-spacer\"><\/div>\n\n\n\n<div class=\"wp-block-image\"><figure class=\"aligncenter size-large\"><img loading=\"lazy\" decoding=\"async\" width=\"1200\" height=\"200\" data-attachment-id=\"1583\" data-permalink=\"https:\/\/radcaen.fr\/banniere-document\/\" data-orig-file=\"https:\/\/radcaen.fr\/wp-content\/uploads\/2020\/10\/banniere-document.png\" data-orig-size=\"1200,200\" data-comments-opened=\"1\" data-image-meta=\"{&quot;aperture&quot;:&quot;0&quot;,&quot;credit&quot;:&quot;&quot;,&quot;camera&quot;:&quot;&quot;,&quot;caption&quot;:&quot;&quot;,&quot;created_timestamp&quot;:&quot;0&quot;,&quot;copyright&quot;:&quot;&quot;,&quot;focal_length&quot;:&quot;0&quot;,&quot;iso&quot;:&quot;0&quot;,&quot;shutter_speed&quot;:&quot;0&quot;,&quot;title&quot;:&quot;&quot;,&quot;orientation&quot;:&quot;0&quot;}\" data-image-title=\"banni\u00e8re document\" data-image-description=\"\" data-image-caption=\"\" data-medium-file=\"https:\/\/radcaen.fr\/wp-content\/uploads\/2020\/10\/banniere-document-300x50.png\" data-large-file=\"https:\/\/radcaen.fr\/wp-content\/uploads\/2020\/10\/banniere-document-1024x171.png\" src=\"https:\/\/radcaen.fr\/wp-content\/uploads\/2020\/10\/banniere-document.png?w=580\" alt=\"\" class=\"wp-image-1583\" srcset=\"https:\/\/radcaen.fr\/wp-content\/uploads\/2020\/10\/banniere-document.png 1200w, https:\/\/radcaen.fr\/wp-content\/uploads\/2020\/10\/banniere-document-600x100.png 600w, https:\/\/radcaen.fr\/wp-content\/uploads\/2020\/10\/banniere-document-300x50.png 300w, https:\/\/radcaen.fr\/wp-content\/uploads\/2020\/10\/banniere-document-1024x171.png 1024w, https:\/\/radcaen.fr\/wp-content\/uploads\/2020\/10\/banniere-document-768x128.png 768w\" sizes=\"auto, (max-width: 1200px) 100vw, 1200px\" \/><\/figure><\/div>\n\n\n\n<div class=\"wp-block-file\"><a id=\"wp-block-file--media-4c79258c-9d0a-4d01-9df6-671a8504c2a7\" href=\"https:\/\/radcaen.fr\/wp-content\/uploads\/2020\/10\/cours-intersexualite-les-bases-3.pdf\" target=\"_blank\" rel=\"noreferrer noopener\">Cours intersexualit\u00e9 : Les bases<\/a><a href=\"https:\/\/radcaen.files.wordpress.com\/2020\/10\/cours-intersexualite-les-bases-3.pdf\" class=\"wp-block-file__button\" download aria-describedby=\"wp-block-file--media-4c79258c-9d0a-4d01-9df6-671a8504c2a7\">T\u00e9l\u00e9charger<\/a><\/div>\n\n\n\n<p>Ce document de 5 pages est une introductions aux concepts de l&rsquo;intersexualit\u00e9 et de ses cons\u00e9quences. C&rsquo;est un document non-sourc\u00e9, dont le but est juste d&rsquo;apporter des bases th\u00e9oriques sur ce sujet complexe. Les th\u00e8mes abord\u00e9s sont : la d\u00e9finition du sexe, la d\u00e9finition de m\u00e2le et femelle, la diff\u00e9renciation sexuelle, la d\u00e9finition de l&rsquo;intersexualit\u00e9 avec 4 exemples concrets, quelques chiffres sur le taux d&rsquo;intersexualit\u00e9 dans la population, la binarit\u00e9 du sexe, et les mutilations intersexes.<br>Gardez en t\u00eate que ce document est court pour le garder compr\u00e9hensible par des n\u00e9ophytes. Il n&rsquo;y a pas besoin de grandes notions de g\u00e9n\u00e9tique ou d&rsquo;anatomie pour comprendre le cours.<\/p>\n\n\n\n<div style=\"height:100px\" aria-hidden=\"true\" class=\"wp-block-spacer\"><\/div>\n\n\n\n<p>CC BY-NC-SA 4.0<\/p>\n","protected":false},"excerpt":{"rendered":"<p>Ici sont post\u00e9es les ressources que je cr\u00e9e dans le cadre de mon activisme. Elles sont disponible gratuitement et sous licence Cr\u00e9ative Commons BY-NC-SA 4.0. Cela signifie que vous pouvez partager et modifier ces document \u00e0 condition de me cr\u00e9diter et de mettre un lien vers cette page (en pr\u00e9cisant si vous apport\u00e9 des modifications), [&hellip;]<\/p>\n","protected":false},"author":2,"featured_media":0,"parent":0,"menu_order":0,"comment_status":"closed","ping_status":"closed","template":"","meta":{"_monsterinsights_skip_tracking":false,"_monsterinsights_sitenote_active":false,"_monsterinsights_sitenote_note":"","_monsterinsights_sitenote_category":0,"footnotes":""},"class_list":["post-1572","page","type-page","status-publish","hentry"],"yoast_head":"<!-- This site is optimized with the Yoast SEO plugin v26.8 - https:\/\/yoast.com\/product\/yoast-seo-wordpress\/ -->\n<title>Documents - RadCaen<\/title>\n<meta name=\"description\" content=\"Diff\u00e9rentes ressources th\u00e9oriques et de militantismes que je met \u00e0 disposition pour s&#039;informer. Cette page sera progressivement remplie.\" \/>\n<meta name=\"robots\" content=\"index, follow, max-snippet:-1, max-image-preview:large, max-video-preview:-1\" \/>\n<link rel=\"canonical\" href=\"https:\/\/radcaen.fr\/index.php\/ressources\/\" \/>\n<meta property=\"og:locale\" content=\"fr_FR\" \/>\n<meta property=\"og:type\" content=\"article\" \/>\n<meta property=\"og:title\" content=\"Documents - RadCaen\" \/>\n<meta property=\"og:description\" content=\"Diff\u00e9rentes ressources th\u00e9oriques et de militantismes que je met \u00e0 disposition pour s&#039;informer. Cette page sera progressivement remplie.\" \/>\n<meta property=\"og:url\" content=\"https:\/\/radcaen.fr\/index.php\/ressources\/\" \/>\n<meta property=\"og:site_name\" content=\"RadCaen\" \/>\n<meta property=\"article:modified_time\" content=\"2022-04-08T17:02:33+00:00\" \/>\n<meta property=\"og:image\" content=\"https:\/\/radcaen.fr\/wp-content\/uploads\/2022\/04\/bannieres-document-1024x171.png\" \/>\n<meta name=\"twitter:card\" content=\"summary_large_image\" \/>\n<meta name=\"twitter:label1\" content=\"Dur\u00e9e de lecture estim\u00e9e\" \/>\n\t<meta name=\"twitter:data1\" content=\"3 minutes\" \/>\n<script type=\"application\/ld+json\" class=\"yoast-schema-graph\">{\"@context\":\"https:\/\/schema.org\",\"@graph\":[{\"@type\":\"WebPage\",\"@id\":\"https:\/\/radcaen.fr\/index.php\/ressources\/\",\"url\":\"https:\/\/radcaen.fr\/index.php\/ressources\/\",\"name\":\"Documents - RadCaen\",\"isPartOf\":{\"@id\":\"https:\/\/radcaen.fr\/#website\"},\"primaryImageOfPage\":{\"@id\":\"https:\/\/radcaen.fr\/index.php\/ressources\/#primaryimage\"},\"image\":{\"@id\":\"https:\/\/radcaen.fr\/index.php\/ressources\/#primaryimage\"},\"thumbnailUrl\":\"https:\/\/radcaen.fr\/wp-content\/uploads\/2022\/04\/bannieres-document-1024x171.png\",\"datePublished\":\"2020-10-12T13:33:42+00:00\",\"dateModified\":\"2022-04-08T17:02:33+00:00\",\"description\":\"Diff\u00e9rentes ressources th\u00e9oriques et de militantismes que je met \u00e0 disposition pour s'informer. Cette page sera progressivement remplie.\",\"breadcrumb\":{\"@id\":\"https:\/\/radcaen.fr\/index.php\/ressources\/#breadcrumb\"},\"inLanguage\":\"fr-FR\",\"potentialAction\":[{\"@type\":\"ReadAction\",\"target\":[\"https:\/\/radcaen.fr\/index.php\/ressources\/\"]}]},{\"@type\":\"ImageObject\",\"inLanguage\":\"fr-FR\",\"@id\":\"https:\/\/radcaen.fr\/index.php\/ressources\/#primaryimage\",\"url\":\"https:\/\/radcaen.fr\/wp-content\/uploads\/2022\/04\/bannieres-document.png\",\"contentUrl\":\"https:\/\/radcaen.fr\/wp-content\/uploads\/2022\/04\/bannieres-document.png\",\"width\":1200,\"height\":200},{\"@type\":\"BreadcrumbList\",\"@id\":\"https:\/\/radcaen.fr\/index.php\/ressources\/#breadcrumb\",\"itemListElement\":[{\"@type\":\"ListItem\",\"position\":1,\"name\":\"Accueil\",\"item\":\"https:\/\/radcaen.fr\/\"},{\"@type\":\"ListItem\",\"position\":2,\"name\":\"Documents\"}]},{\"@type\":\"WebSite\",\"@id\":\"https:\/\/radcaen.fr\/#website\",\"url\":\"https:\/\/radcaen.fr\/\",\"name\":\"RadCaen\",\"description\":\"F\u00e9minisme radical\",\"publisher\":{\"@id\":\"https:\/\/radcaen.fr\/#\/schema\/person\/a9aba7c1961f02b55b6b76bbcc72ffbb\"},\"potentialAction\":[{\"@type\":\"SearchAction\",\"target\":{\"@type\":\"EntryPoint\",\"urlTemplate\":\"https:\/\/radcaen.fr\/?s={search_term_string}\"},\"query-input\":{\"@type\":\"PropertyValueSpecification\",\"valueRequired\":true,\"valueName\":\"search_term_string\"}}],\"inLanguage\":\"fr-FR\"},{\"@type\":[\"Person\",\"Organization\"],\"@id\":\"https:\/\/radcaen.fr\/#\/schema\/person\/a9aba7c1961f02b55b6b76bbcc72ffbb\",\"name\":\"RadCaen\",\"image\":{\"@type\":\"ImageObject\",\"inLanguage\":\"fr-FR\",\"@id\":\"https:\/\/radcaen.fr\/#\/schema\/person\/image\/\",\"url\":\"https:\/\/radcaen.fr\/wp-content\/uploads\/2020\/11\/cropped-radcaen.png\",\"contentUrl\":\"https:\/\/radcaen.fr\/wp-content\/uploads\/2020\/11\/cropped-radcaen.png\",\"width\":591,\"height\":591,\"caption\":\"RadCaen\"},\"logo\":{\"@id\":\"https:\/\/radcaen.fr\/#\/schema\/person\/image\/\"}}]}<\/script>\n<!-- \/ Yoast SEO plugin. -->","yoast_head_json":{"title":"Documents - RadCaen","description":"Diff\u00e9rentes ressources th\u00e9oriques et de militantismes que je met \u00e0 disposition pour s'informer. Cette page sera progressivement remplie.","robots":{"index":"index","follow":"follow","max-snippet":"max-snippet:-1","max-image-preview":"max-image-preview:large","max-video-preview":"max-video-preview:-1"},"canonical":"https:\/\/radcaen.fr\/index.php\/ressources\/","og_locale":"fr_FR","og_type":"article","og_title":"Documents - RadCaen","og_description":"Diff\u00e9rentes ressources th\u00e9oriques et de militantismes que je met \u00e0 disposition pour s'informer. Cette page sera progressivement remplie.","og_url":"https:\/\/radcaen.fr\/index.php\/ressources\/","og_site_name":"RadCaen","article_modified_time":"2022-04-08T17:02:33+00:00","og_image":[{"url":"https:\/\/radcaen.fr\/wp-content\/uploads\/2022\/04\/bannieres-document-1024x171.png","type":"","width":"","height":""}],"twitter_card":"summary_large_image","twitter_misc":{"Dur\u00e9e de lecture estim\u00e9e":"3 minutes"},"schema":{"@context":"https:\/\/schema.org","@graph":[{"@type":"WebPage","@id":"https:\/\/radcaen.fr\/index.php\/ressources\/","url":"https:\/\/radcaen.fr\/index.php\/ressources\/","name":"Documents - RadCaen","isPartOf":{"@id":"https:\/\/radcaen.fr\/#website"},"primaryImageOfPage":{"@id":"https:\/\/radcaen.fr\/index.php\/ressources\/#primaryimage"},"image":{"@id":"https:\/\/radcaen.fr\/index.php\/ressources\/#primaryimage"},"thumbnailUrl":"https:\/\/radcaen.fr\/wp-content\/uploads\/2022\/04\/bannieres-document-1024x171.png","datePublished":"2020-10-12T13:33:42+00:00","dateModified":"2022-04-08T17:02:33+00:00","description":"Diff\u00e9rentes ressources th\u00e9oriques et de militantismes que je met \u00e0 disposition pour s'informer. Cette page sera progressivement remplie.","breadcrumb":{"@id":"https:\/\/radcaen.fr\/index.php\/ressources\/#breadcrumb"},"inLanguage":"fr-FR","potentialAction":[{"@type":"ReadAction","target":["https:\/\/radcaen.fr\/index.php\/ressources\/"]}]},{"@type":"ImageObject","inLanguage":"fr-FR","@id":"https:\/\/radcaen.fr\/index.php\/ressources\/#primaryimage","url":"https:\/\/radcaen.fr\/wp-content\/uploads\/2022\/04\/bannieres-document.png","contentUrl":"https:\/\/radcaen.fr\/wp-content\/uploads\/2022\/04\/bannieres-document.png","width":1200,"height":200},{"@type":"BreadcrumbList","@id":"https:\/\/radcaen.fr\/index.php\/ressources\/#breadcrumb","itemListElement":[{"@type":"ListItem","position":1,"name":"Accueil","item":"https:\/\/radcaen.fr\/"},{"@type":"ListItem","position":2,"name":"Documents"}]},{"@type":"WebSite","@id":"https:\/\/radcaen.fr\/#website","url":"https:\/\/radcaen.fr\/","name":"RadCaen","description":"F\u00e9minisme radical","publisher":{"@id":"https:\/\/radcaen.fr\/#\/schema\/person\/a9aba7c1961f02b55b6b76bbcc72ffbb"},"potentialAction":[{"@type":"SearchAction","target":{"@type":"EntryPoint","urlTemplate":"https:\/\/radcaen.fr\/?s={search_term_string}"},"query-input":{"@type":"PropertyValueSpecification","valueRequired":true,"valueName":"search_term_string"}}],"inLanguage":"fr-FR"},{"@type":["Person","Organization"],"@id":"https:\/\/radcaen.fr\/#\/schema\/person\/a9aba7c1961f02b55b6b76bbcc72ffbb","name":"RadCaen","image":{"@type":"ImageObject","inLanguage":"fr-FR","@id":"https:\/\/radcaen.fr\/#\/schema\/person\/image\/","url":"https:\/\/radcaen.fr\/wp-content\/uploads\/2020\/11\/cropped-radcaen.png","contentUrl":"https:\/\/radcaen.fr\/wp-content\/uploads\/2020\/11\/cropped-radcaen.png","width":591,"height":591,"caption":"RadCaen"},"logo":{"@id":"https:\/\/radcaen.fr\/#\/schema\/person\/image\/"}}]}},"jetpack_sharing_enabled":true,"_links":{"self":[{"href":"https:\/\/radcaen.fr\/index.php\/wp-json\/wp\/v2\/pages\/1572","targetHints":{"allow":["GET"]}}],"collection":[{"href":"https:\/\/radcaen.fr\/index.php\/wp-json\/wp\/v2\/pages"}],"about":[{"href":"https:\/\/radcaen.fr\/index.php\/wp-json\/wp\/v2\/types\/page"}],"author":[{"embeddable":true,"href":"https:\/\/radcaen.fr\/index.php\/wp-json\/wp\/v2\/users\/2"}],"replies":[{"embeddable":true,"href":"https:\/\/radcaen.fr\/index.php\/wp-json\/wp\/v2\/comments?post=1572"}],"version-history":[{"count":4,"href":"https:\/\/radcaen.fr\/index.php\/wp-json\/wp\/v2\/pages\/1572\/revisions"}],"predecessor-version":[{"id":2918,"href":"https:\/\/radcaen.fr\/index.php\/wp-json\/wp\/v2\/pages\/1572\/revisions\/2918"}],"wp:attachment":[{"href":"https:\/\/radcaen.fr\/index.php\/wp-json\/wp\/v2\/media?parent=1572"}],"curies":[{"name":"wp","href":"https:\/\/api.w.org\/{rel}","templated":true}]}}